{"id":3009,"date":"2019-11-19T14:12:19","date_gmt":"2019-11-19T13:12:19","guid":{"rendered":"https:\/\/pyramid-computer.com\/imprint\/"},"modified":"2024-05-21T09:22:28","modified_gmt":"2024-05-21T07:22:28","slug":"impressum","status":"publish","type":"page","link":"https:\/\/polytouch.pyramid-computer.com\/de-de\/impressum\/","title":{"rendered":"Impressum"},"content":{"rendered":"\t\t<div data-elementor-type=\"wp-page\" data-elementor-id=\"3009\" class=\"elementor elementor-3009 elementor-28\" data-elementor-post-type=\"page\">\n\t\t\t\t\t\t<section class=\"elementor-section elementor-top-section elementor-element elementor-element-f4e8d3c elementor-section-height-min-height elementor-section-boxed elementor-section-height-default elementor-section-items-middle\" data-id=\"f4e8d3c\" data-element_type=\"section\" data-settings=\"{&quot;background_background&quot;:&quot;classic&quot;}\">\n\t\t\t\t\t\t<div class=\"elementor-container elementor-column-gap-default\">\n\t\t\t\t\t<div class=\"elementor-column elementor-col-100 elementor-top-column elementor-element elementor-element-a87acd0\" data-id=\"a87acd0\" data-element_type=\"column\">\n\t\t\t<div class=\"elementor-widget-wrap\">\n\t\t\t\t\t\t\t<\/div>\n\t\t<\/div>\n\t\t\t\t\t<\/div>\n\t\t<\/section>\n\t\t\t\t<section class=\"elementor-section elementor-top-section elementor-element elementor-element-68407950 elementor-section-boxed elementor-section-height-default elementor-section-height-default\" data-id=\"68407950\" data-element_type=\"section\">\n\t\t\t\t\t\t<div class=\"elementor-container elementor-column-gap-default\">\n\t\t\t\t\t<div class=\"elementor-column elementor-col-100 elementor-top-column elementor-element elementor-element-36060344\" data-id=\"36060344\" data-element_type=\"column\">\n\t\t\t<div class=\"elementor-widget-wrap elementor-element-populated\">\n\t\t\t\t\t\t<div class=\"elementor-element elementor-element-61c50ff4 elementor-widget elementor-widget-text-editor\" data-id=\"61c50ff4\" data-element_type=\"widget\" data-widget_type=\"text-editor.default\">\n\t\t\t\t<div class=\"elementor-widget-container\">\n\t\t\t\t\t\t\t<h1>Impressum<\/h1><div class=\"wp-block-columns\"><div class=\"wp-block-column\"><p><strong>Pyramid Computer GmbH<br \/><\/strong>B\u00f6tzinger Strasse 60<br \/>79111 Freiburg<br \/>T +49 761 4514 0<br \/>F+49 761 4514 319<br \/><a href=\"mailto:info@pyramid.de\">info@pyramid.de<\/a><\/p><\/div><\/div><p>Gesch\u00e4ftsf\u00fchrer:<br \/>Peter Trosien<\/p><p>Inhaltlich Verantwortlicher gem\u00e4\u00df \u00a7 6 MDStV:<br \/>Peter Trosien<\/p><p>Handelsregister:<br \/>Amtsgericht Freiburg, HRB-Nr.: 3018<\/p><p>Gerichtsstand:<br \/>Freiburg im Breisgau<\/p><p>USt-IdNr. gem\u00e4\u00df \u00a7 27 a Umsatzsteuergesetz:<br \/>DE142111714<\/p><h3>Haftungsausschluss<\/h3><p>Trotz sorgf\u00e4ltiger inhaltlicher Kontrolle \u00fcbernehmen wir keine Haftung f\u00fcr die Inhalte externer Links. F\u00fcr den Inhalt der verlinkten Seiten sind ausschlie\u00dflich deren Betreiber verantwortlich.<\/p><p>S\u00e4mtliche auf unseren Internetseiten zur Verf\u00fcgung gestellten Informationen und Erkl\u00e4rungen sind unverbindlich. Pyramid Computer GmbH \u00fcbernimmt keine Gew\u00e4hr f\u00fcr die Richtigkeit oder Vollst\u00e4ndigkeit der darin enthaltenen Informationen, insbesondere werden keinerlei Garantien, Zusicherungen bestimmter Produkteigenschaften oder sonstige Rechtsanspr\u00fcche begr\u00fcndet. Inhaltliche Fehler werden selbstverst\u00e4ndlich bei Bekanntwerden unverz\u00fcglich korrigiert. Dar\u00fcber hinaus werden von Zeit zu Zeit inhaltliche \u00c4nderungen bei unseren gedruckten Informationen vorgenommen, die mit unterschiedlicher Zeitverz\u00f6gerung auch auf der Internetseite durchgef\u00fchrt werden, sodass die Inhalte der Internetseiten teilweise nicht mehr aktuell sein k\u00f6nnen. Wir bitten Sie daher, sich \u00fcber den jeweiligen Stand unserer Produktinformationen und die Lieferbarkeit einzelner Produkte erg\u00e4nzend durch R\u00fcckfrage bei unserem Vertrieb zu unterrichten.<\/p><p>Die von diesen Internetseiten aus durch Links zug\u00e4nglichen Informationen auf anderen Internetseiten werden von uns nicht st\u00e4ndig kontrolliert, sodass wir nicht f\u00fcr deren Inhalt verantwortlich sind.<\/p><h4>Downloads<\/h4><p>Soweit auf unseren Internetseiten Daten oder Software zum Herunterladen (download) bereitgestellt werden, \u00fcbernimmt Pyramid Computer GmbH keine Gew\u00e4hr f\u00fcr die Fehlerfreiheit.\u00a0Pyramid Computer GmbH \u00fcberpr\u00fcft s\u00e4mtliche zum Herunterladen bestimmte Daten und Software eingehend auf Virenbefall. Gleichwohl wird empfohlen, heruntergeladene Daten oder Software nochmals auf Viren, unter Verwendung jeweils neuester Virensuchsoftware, zu \u00fcberpr\u00fcfen.<\/p><h4>Urheber- und sonstige Sonderschutzrechte<\/h4><p>Der Inhalt dieser Internetseiten ist urheberrechtlich gesch\u00fctzt. Es darf lediglich eine Kopie der auf dieser Internetseite vorgefundenen Information auf einen einzigen Computer f\u00fcr Ihren pers\u00f6nlichen, nicht kommerziellen, internen Gebrauch heruntergeladen werden. Im \u00fcbrigen d\u00fcrfen Logos, Grafiken, Texte, T\u00f6ne oder Bilder auf diesen Internetseiten nur nach vorheriger Genehmigung durch\u00a0Pyramid Computer GmbH kopiert, vervielf\u00e4ltigt, ge\u00e4ndert, ver\u00f6ffentlicht, heruntergeladen, versendet, \u00fcbertragen oder auf sonstige Weise genutzt werden. Soweit Produkt- und Firmennamen erw\u00e4hnt werden, kann es sich um eingetragene Warenzeichen oder Marken handeln, deren unberechtigte Verwendung Unterlassungs- und Schadensersatzanspr\u00fcche nach sich ziehen kann.<\/p><h4>Markenschutzhinweise<\/h4><p>Celeron, Celeron Inside, Centrino, Centrino Logo, Core Inside, Intel, Intel Logo, Intel Core, Intel Inside, Intel Inside Logo, Intel Viiv, Intel vPro, Itanium, Itanium Inside, Pentium, Pentium Inside, Xeon, und Xeon Inside sind Marken der Intel Corporation in den USA und anderen L\u00e4ndern.<\/p><h4>Vertraulichkeit und Schutz pers\u00f6nlicher Daten<\/h4><p>Das Internet ist kein gesichertes System, so da\u00df nicht garantiert werden kann, dass uns \u00fcbermittelte Informationen oder pers\u00f6nliche Daten w\u00e4hrend der \u00dcbermittlung von der Kenntnisnahme Dritter gesch\u00fctzt sind. Weitere Hinweise zum Datenschutz erhalten Sie hier:\u00a0<a href=\"https:\/\/pyramid.hello-flame.comde\/datenschutz\/\" target=\"_blank\" rel=\"noreferrer noopener\" aria-label=\" (opens in a new tab)\">Pyramid Computer Datenschutz<\/a><\/p><h4>Anwendbares Recht<\/h4><p>Die zwischen Ihnen und Pyramid Computer GmbH durch die Nutzung dieser Internetseiten begr\u00fcndeten Rechtsbeziehungen unterliegen dem Recht der Bundesrepublik Deutschland. Gerichtsstand bei Rechtsstreitigkeiten mit Vollkaufleuten, die aus der Nutzung dieser Internetseiten resultieren, ist Freiburg im Breisgau.<\/p><h4>Haftung<\/h4><p>Pyramid Computer GmbH haftet nicht f\u00fcr etwaige Sch\u00e4den, die durch die Nutzung dieser Internetseiten oder das Herunterladen von Daten entstehen. Insbesondere haftet\u00a0Pyramid Computer GmbH nicht f\u00fcr unmittelbare oder mittelbare Folgesch\u00e4den, Datenverlust, entgangenen Gewinn, System- oder Produktionsausf\u00e4lle. Vorstehender Haftungsausschluss gilt nicht, soweit der Schaden auf Vorsatz oder grober Fahrl\u00e4ssigkeit beruht.<\/p><h3>WEEE-Registrierung<\/h3><p>Informationen zum Elektro- und Elektronikger\u00e4tegesetz (RoHS und WEEE)<\/p><p>Kundeninformation zum Thema \u201eR\u00fccknahme und umweltvertr\u00e4gliche Entsorgung von Elektro- und Elektronikger\u00e4ten\u201c (WEEE)<\/p><p>Pyramid Computer hat sich als Hersteller bei der Stiftung Elektro-Altger\u00e4te-Register registriert. Die Registrierung wurde vorgenommen f\u00fcr die Kategorie \u201edrei Ger\u00e4te der Informations- und Telekommunikationstechnik\u201c, Ger\u00e4teart \u201eProfessionelle Ger\u00e4te\u201c.<\/p><p>Sie ist ab dem 24.11.2005 g\u00fcltig und auf den Seiten der Stiftung Elektro-Altger\u00e4te- Register ver\u00f6ffentlicht:\u00a0<a href=\"http:\/\/www.stiftung-ear.de\/\" target=\"_blank\" rel=\"noreferrer noopener\">http:\/\/www.stiftung-ear.de<\/a>.<\/p><p>Die WEEE-Registrierungsnummer der Pyramid Computer GmbH lautet:\u00a0<strong>DE 59162004<\/strong><\/p><p>Unsere Typenschilder wurden durch die WEEE-Registrierungsnummer erg\u00e4nzt.<\/p>\t\t\t\t\t\t<\/div>\n\t\t\t\t<\/div>\n\t\t\t\t\t<\/div>\n\t\t<\/div>\n\t\t\t\t\t<\/div>\n\t\t<\/section>\n\t\t\t\t<\/div>\n\t\t","protected":false},"excerpt":{"rendered":"<p>Impressum Pyramid Computer GmbHB\u00f6tzinger Strasse 6079111 FreiburgT +49 761 4514 0F+49 761 4514 319info@pyramid.de Gesch\u00e4ftsf\u00fchrer:Peter Trosien Inhaltlich Verantwortlicher gem\u00e4\u00df \u00a7 6 MDStV:Peter Trosien Handelsregister:Amtsgericht Freiburg, HRB-Nr.: 3018 Gerichtsstand:Freiburg im Breisgau [&hellip;]<\/p>\n","protected":false},"author":19,"featured_media":33697,"parent":0,"menu_order":991,"comment_status":"closed","ping_status":"closed","template":"elementor_header_footer","meta":{"_EventAllDay":false,"_EventTimezone":"","_EventStartDate":"","_EventEndDate":"","_EventStartDateUTC":"","_EventEndDateUTC":"","_EventShowMap":false,"_EventShowMapLink":false,"_EventURL":"","_EventCost":"","_EventCostDescription":"","_EventCurrencySymbol":"","_EventCurrencyCode":"","_EventCurrencyPosition":"","_EventDateTimeSeparator":"","_EventTimeRangeSeparator":"","_EventOrganizerID":[],"_EventVenueID":[],"_OrganizerEmail":"","_OrganizerPhone":"","_OrganizerWebsite":"","_VenueAddress":"","_VenueCity":"","_VenueCountry":"","_VenueProvince":"","_VenueState":"","_VenueZip":"","_VenuePhone":"","_VenueURL":"","_VenueStateProvince":"","_VenueLat":"","_VenueLng":"","_VenueShowMap":false,"_VenueShowMapLink":false,"footnotes":""},"class_list":["post-3009","page","type-page","status-publish","has-post-thumbnail","hentry"],"acf":[],"yoast_head":"<!-- This site is optimized with the Yoast SEO Premium plugin v22.4 (Yoast SEO v22.4) - https:\/\/yoast.com\/wordpress\/plugins\/seo\/ -->\n<title>Impressum &#187; Pyramid Computer<\/title>\n<meta name=\"robots\" content=\"noindex, follow, max-snippet:-1, max-image-preview:large, max-video-preview:-1\" \/>\n<meta property=\"og:locale\" content=\"de_DE\" \/>\n<meta property=\"og:type\" content=\"article\" \/>\n<meta property=\"og:title\" content=\"Impressum\" \/>\n<meta property=\"og:description\" content=\"Impressum Pyramid Computer GmbHB\u00f6tzinger Strasse 6079111 FreiburgT +49 761 4514 0F+49 761 4514 319info@pyramid.de Gesch\u00e4ftsf\u00fchrer:Peter Trosien Inhaltlich Verantwortlicher gem\u00e4\u00df \u00a7 6 MDStV:Peter Trosien Handelsregister:Amtsgericht Freiburg, HRB-Nr.: 3018 Gerichtsstand:Freiburg im Breisgau [&hellip;]\" \/>\n<meta property=\"og:url\" content=\"https:\/\/polytouch.pyramid-computer.com\/de-de\/impressum\/\" \/>\n<meta property=\"og:site_name\" content=\"Pyramid Computer\" \/>\n<meta property=\"article:publisher\" content=\"https:\/\/facebook.com\/Pyramid\" \/>\n<meta property=\"article:modified_time\" content=\"2024-05-21T07:22:28+00:00\" \/>\n<meta property=\"og:image\" content=\"https:\/\/polytouch.pyramid-computer.com\/wp-content\/uploads\/2021\/07\/cropped-pyramid_website_icon_alt.jpg\" \/>\n\t<meta property=\"og:image:width\" content=\"512\" \/>\n\t<meta property=\"og:image:height\" content=\"512\" \/>\n\t<meta property=\"og:image:type\" content=\"image\/jpeg\" \/>\n<meta name=\"twitter:card\" content=\"summary_large_image\" \/>\n<meta name=\"twitter:site\" content=\"@polytouch_de\" \/>\n<script type=\"application\/ld+json\" class=\"yoast-schema-graph\">{\"@context\":\"https:\/\/schema.org\",\"@graph\":[{\"@type\":\"WebPage\",\"@id\":\"https:\/\/polytouch.pyramid-computer.com\/de-de\/impressum\/\",\"url\":\"https:\/\/polytouch.pyramid-computer.com\/de-de\/impressum\/\",\"name\":\"Impressum &#187; Pyramid Computer\",\"isPartOf\":{\"@id\":\"https:\/\/polytouch.pyramid-computer.com\/de-de\/#website\"},\"primaryImageOfPage\":{\"@id\":\"https:\/\/polytouch.pyramid-computer.com\/de-de\/impressum\/#primaryimage\"},\"image\":{\"@id\":\"https:\/\/polytouch.pyramid-computer.com\/de-de\/impressum\/#primaryimage\"},\"thumbnailUrl\":\"https:\/\/polytouch.pyramid-computer.com\/wp-content\/uploads\/2021\/07\/cropped-pyramid_website_icon_alt.jpg\",\"datePublished\":\"2019-11-19T13:12:19+00:00\",\"dateModified\":\"2024-05-21T07:22:28+00:00\",\"inLanguage\":\"de\",\"potentialAction\":[{\"@type\":\"ReadAction\",\"target\":[\"https:\/\/polytouch.pyramid-computer.com\/de-de\/impressum\/\"]}]},{\"@type\":\"ImageObject\",\"inLanguage\":\"de\",\"@id\":\"https:\/\/polytouch.pyramid-computer.com\/de-de\/impressum\/#primaryimage\",\"url\":\"https:\/\/polytouch.pyramid-computer.com\/wp-content\/uploads\/2021\/07\/cropped-pyramid_website_icon_alt.jpg\",\"contentUrl\":\"https:\/\/polytouch.pyramid-computer.com\/wp-content\/uploads\/2021\/07\/cropped-pyramid_website_icon_alt.jpg\",\"width\":512,\"height\":512},{\"@type\":\"WebSite\",\"@id\":\"https:\/\/polytouch.pyramid-computer.com\/de-de\/#website\",\"url\":\"https:\/\/polytouch.pyramid-computer.com\/de-de\/\",\"name\":\"Pyramid Computer\",\"description\":\"The future of technology has arrived\",\"publisher\":{\"@id\":\"https:\/\/polytouch.pyramid-computer.com\/de-de\/#organization\"},\"potentialAction\":[{\"@type\":\"SearchAction\",\"target\":{\"@type\":\"EntryPoint\",\"urlTemplate\":\"https:\/\/polytouch.pyramid-computer.com\/de-de\/?s={search_term_string}\"},\"query-input\":\"required name=search_term_string\"}],\"inLanguage\":\"de\"},{\"@type\":\"Organization\",\"@id\":\"https:\/\/polytouch.pyramid-computer.com\/de-de\/#organization\",\"name\":\"Pyramid Computer GmbH\",\"url\":\"https:\/\/polytouch.pyramid-computer.com\/de-de\/\",\"logo\":{\"@type\":\"ImageObject\",\"inLanguage\":\"de\",\"@id\":\"https:\/\/polytouch.pyramid-computer.com\/de-de\/#\/schema\/logo\/image\/\",\"url\":\"https:\/\/polytouch.pyramid-computer.com\/wp-content\/uploads\/2021\/07\/pyramid_website_icon_alt.jpg\",\"contentUrl\":\"https:\/\/polytouch.pyramid-computer.com\/wp-content\/uploads\/2021\/07\/pyramid_website_icon_alt.jpg\",\"width\":512,\"height\":512,\"caption\":\"Pyramid Computer GmbH\"},\"image\":{\"@id\":\"https:\/\/polytouch.pyramid-computer.com\/de-de\/#\/schema\/logo\/image\/\"},\"sameAs\":[\"https:\/\/facebook.com\/Pyramid\",\"https:\/\/twitter.com\/polytouch_de\",\"https:\/\/www.linkedin.com\/company\/pyramid-computer-gmbh\/\",\"https:\/\/www.youtube.com\/user\/PyramidComputerGmbH\",\"https:\/\/de.wikipedia.org\/wiki\/Pyramid_Computer\",\"https:\/\/www.instagram.com\/pyramid.computer\/\"]}]}<\/script>\n<!-- \/ Yoast SEO Premium plugin. -->","yoast_head_json":{"title":"Impressum &#187; Pyramid Computer","robots":{"index":"noindex","follow":"follow","max-snippet":"max-snippet:-1","max-image-preview":"max-image-preview:large","max-video-preview":"max-video-preview:-1"},"og_locale":"de_DE","og_type":"article","og_title":"Impressum","og_description":"Impressum Pyramid Computer GmbHB\u00f6tzinger Strasse 6079111 FreiburgT +49 761 4514 0F+49 761 4514 319info@pyramid.de Gesch\u00e4ftsf\u00fchrer:Peter Trosien Inhaltlich Verantwortlicher gem\u00e4\u00df \u00a7 6 MDStV:Peter Trosien Handelsregister:Amtsgericht Freiburg, HRB-Nr.: 3018 Gerichtsstand:Freiburg im Breisgau [&hellip;]","og_url":"https:\/\/polytouch.pyramid-computer.com\/de-de\/impressum\/","og_site_name":"Pyramid Computer","article_publisher":"https:\/\/facebook.com\/Pyramid","article_modified_time":"2024-05-21T07:22:28+00:00","og_image":[{"width":512,"height":512,"url":"https:\/\/polytouch.pyramid-computer.com\/wp-content\/uploads\/2021\/07\/cropped-pyramid_website_icon_alt.jpg","type":"image\/jpeg"}],"twitter_card":"summary_large_image","twitter_site":"@polytouch_de","schema":{"@context":"https:\/\/schema.org","@graph":[{"@type":"WebPage","@id":"https:\/\/polytouch.pyramid-computer.com\/de-de\/impressum\/","url":"https:\/\/polytouch.pyramid-computer.com\/de-de\/impressum\/","name":"Impressum &#187; Pyramid Computer","isPartOf":{"@id":"https:\/\/polytouch.pyramid-computer.com\/de-de\/#website"},"primaryImageOfPage":{"@id":"https:\/\/polytouch.pyramid-computer.com\/de-de\/impressum\/#primaryimage"},"image":{"@id":"https:\/\/polytouch.pyramid-computer.com\/de-de\/impressum\/#primaryimage"},"thumbnailUrl":"https:\/\/polytouch.pyramid-computer.com\/wp-content\/uploads\/2021\/07\/cropped-pyramid_website_icon_alt.jpg","datePublished":"2019-11-19T13:12:19+00:00","dateModified":"2024-05-21T07:22:28+00:00","inLanguage":"de","potentialAction":[{"@type":"ReadAction","target":["https:\/\/polytouch.pyramid-computer.com\/de-de\/impressum\/"]}]},{"@type":"ImageObject","inLanguage":"de","@id":"https:\/\/polytouch.pyramid-computer.com\/de-de\/impressum\/#primaryimage","url":"https:\/\/polytouch.pyramid-computer.com\/wp-content\/uploads\/2021\/07\/cropped-pyramid_website_icon_alt.jpg","contentUrl":"https:\/\/polytouch.pyramid-computer.com\/wp-content\/uploads\/2021\/07\/cropped-pyramid_website_icon_alt.jpg","width":512,"height":512},{"@type":"WebSite","@id":"https:\/\/polytouch.pyramid-computer.com\/de-de\/#website","url":"https:\/\/polytouch.pyramid-computer.com\/de-de\/","name":"Pyramid Computer","description":"The future of technology has arrived","publisher":{"@id":"https:\/\/polytouch.pyramid-computer.com\/de-de\/#organization"},"potentialAction":[{"@type":"SearchAction","target":{"@type":"EntryPoint","urlTemplate":"https:\/\/polytouch.pyramid-computer.com\/de-de\/?s={search_term_string}"},"query-input":"required name=search_term_string"}],"inLanguage":"de"},{"@type":"Organization","@id":"https:\/\/polytouch.pyramid-computer.com\/de-de\/#organization","name":"Pyramid Computer GmbH","url":"https:\/\/polytouch.pyramid-computer.com\/de-de\/","logo":{"@type":"ImageObject","inLanguage":"de","@id":"https:\/\/polytouch.pyramid-computer.com\/de-de\/#\/schema\/logo\/image\/","url":"https:\/\/polytouch.pyramid-computer.com\/wp-content\/uploads\/2021\/07\/pyramid_website_icon_alt.jpg","contentUrl":"https:\/\/polytouch.pyramid-computer.com\/wp-content\/uploads\/2021\/07\/pyramid_website_icon_alt.jpg","width":512,"height":512,"caption":"Pyramid Computer GmbH"},"image":{"@id":"https:\/\/polytouch.pyramid-computer.com\/de-de\/#\/schema\/logo\/image\/"},"sameAs":["https:\/\/facebook.com\/Pyramid","https:\/\/twitter.com\/polytouch_de","https:\/\/www.linkedin.com\/company\/pyramid-computer-gmbh\/","https:\/\/www.youtube.com\/user\/PyramidComputerGmbH","https:\/\/de.wikipedia.org\/wiki\/Pyramid_Computer","https:\/\/www.instagram.com\/pyramid.computer\/"]}]}},"_links":{"self":[{"href":"https:\/\/polytouch.pyramid-computer.com\/de-de\/wp-json\/wp\/v2\/pages\/3009"}],"collection":[{"href":"https:\/\/polytouch.pyramid-computer.com\/de-de\/wp-json\/wp\/v2\/pages"}],"about":[{"href":"https:\/\/polytouch.pyramid-computer.com\/de-de\/wp-json\/wp\/v2\/types\/page"}],"author":[{"embeddable":true,"href":"https:\/\/polytouch.pyramid-computer.com\/de-de\/wp-json\/wp\/v2\/users\/19"}],"replies":[{"embeddable":true,"href":"https:\/\/polytouch.pyramid-computer.com\/de-de\/wp-json\/wp\/v2\/comments?post=3009"}],"version-history":[{"count":3,"href":"https:\/\/polytouch.pyramid-computer.com\/de-de\/wp-json\/wp\/v2\/pages\/3009\/revisions"}],"predecessor-version":[{"id":71033,"href":"https:\/\/polytouch.pyramid-computer.com\/de-de\/wp-json\/wp\/v2\/pages\/3009\/revisions\/71033"}],"wp:featuredmedia":[{"embeddable":true,"href":"https:\/\/polytouch.pyramid-computer.com\/de-de\/wp-json\/wp\/v2\/media\/33697"}],"wp:attachment":[{"href":"https:\/\/polytouch.pyramid-computer.com\/de-de\/wp-json\/wp\/v2\/media?parent=3009"}],"curies":[{"name":"wp","href":"https:\/\/api.w.org\/{rel}","templated":true}]}}