{"id":53730,"date":"2022-10-13T18:17:43","date_gmt":"2022-10-13T16:17:43","guid":{"rendered":"https:\/\/pyramid-computer.com\/service-support\/weee-ear-registration\/"},"modified":"2023-01-19T09:45:35","modified_gmt":"2023-01-19T08:45:35","slug":"weee-ear-registrierung","status":"publish","type":"page","link":"https:\/\/polytouch.pyramid-computer.com\/de-de\/service-support\/weee-ear-registrierung\/","title":{"rendered":"WEEE \/ EAR Registrierung"},"content":{"rendered":"\t\t<div data-elementor-type=\"wp-page\" data-elementor-id=\"53730\" class=\"elementor elementor-53730 elementor-53718\" data-elementor-post-type=\"page\">\n\t\t\t\t\t\t<section class=\"elementor-section elementor-top-section elementor-element elementor-element-3f62777 elementor-section-full_width elementor-section-height-min-height elementor-section-height-default elementor-section-items-middle\" data-id=\"3f62777\" data-element_type=\"section\" data-settings=\"{&quot;background_background&quot;:&quot;classic&quot;}\">\n\t\t\t\t\t\t<div class=\"elementor-container elementor-column-gap-default\">\n\t\t\t\t\t<div class=\"elementor-column elementor-col-100 elementor-top-column elementor-element elementor-element-7ac18d5\" data-id=\"7ac18d5\" data-element_type=\"column\">\n\t\t\t<div class=\"elementor-widget-wrap\">\n\t\t\t\t\t\t\t<\/div>\n\t\t<\/div>\n\t\t\t\t\t<\/div>\n\t\t<\/section>\n\t\t\t\t<section class=\"elementor-section elementor-top-section elementor-element elementor-element-2a27ff9d elementor-section-boxed elementor-section-height-default elementor-section-height-default\" data-id=\"2a27ff9d\" data-element_type=\"section\">\n\t\t\t\t\t\t<div class=\"elementor-container elementor-column-gap-default\">\n\t\t\t\t\t<div class=\"elementor-column elementor-col-100 elementor-top-column elementor-element elementor-element-1deee8e0\" data-id=\"1deee8e0\" data-element_type=\"column\">\n\t\t\t<div class=\"elementor-widget-wrap elementor-element-populated\">\n\t\t\t\t\t\t<section class=\"elementor-section elementor-inner-section elementor-element elementor-element-e6bbd3 elementor-section-boxed elementor-section-height-default elementor-section-height-default\" data-id=\"e6bbd3\" data-element_type=\"section\">\n\t\t\t\t\t\t<div class=\"elementor-container elementor-column-gap-default\">\n\t\t\t\t\t<div class=\"elementor-column elementor-col-100 elementor-inner-column elementor-element elementor-element-2c7538e0\" data-id=\"2c7538e0\" data-element_type=\"column\">\n\t\t\t<div class=\"elementor-widget-wrap elementor-element-populated\">\n\t\t\t\t\t\t<div class=\"elementor-element elementor-element-3f54f33f elementor-widget-divider--view-line_text elementor-widget-divider--element-align-center elementor-widget elementor-widget-divider\" data-id=\"3f54f33f\" data-element_type=\"widget\" data-widget_type=\"divider.default\">\n\t\t\t\t<div class=\"elementor-widget-container\">\n\t\t\t\t\t<div class=\"elementor-divider\">\n\t\t\t<span class=\"elementor-divider-separator\">\n\t\t\t\t\t\t\t<span class=\"elementor-divider__text elementor-divider__element\">\n\t\t\t\tWEEE \/ EAR Registrierung\t\t\t\t<\/span>\n\t\t\t\t\t\t<\/span>\n\t\t<\/div>\n\t\t\t\t<\/div>\n\t\t\t\t<\/div>\n\t\t\t\t<div class=\"elementor-element elementor-element-7aab0e61 elementor-widget elementor-widget-heading\" data-id=\"7aab0e61\" data-element_type=\"widget\" data-widget_type=\"heading.default\">\n\t\t\t\t<div class=\"elementor-widget-container\">\n\t\t\t<h1 class=\"elementor-heading-title elementor-size-default\">R\u00fccknahmekonzept f\u00fcr Elektro-Altger\u00e4te aus dem B2B-Gesch\u00e4ft<\/h1>\t\t<\/div>\n\t\t\t\t<\/div>\n\t\t\t\t\t<\/div>\n\t\t<\/div>\n\t\t\t\t\t<\/div>\n\t\t<\/section>\n\t\t\t\t<section class=\"elementor-section elementor-inner-section elementor-element elementor-element-5a2e57e8 elementor-section-boxed elementor-section-height-default elementor-section-height-default\" data-id=\"5a2e57e8\" data-element_type=\"section\">\n\t\t\t\t\t\t<div class=\"elementor-container elementor-column-gap-default\">\n\t\t\t\t\t<div class=\"elementor-column elementor-col-100 elementor-inner-column elementor-element elementor-element-4598a6dc\" data-id=\"4598a6dc\" data-element_type=\"column\">\n\t\t\t<div class=\"elementor-widget-wrap elementor-element-populated\">\n\t\t\t\t\t\t<div class=\"elementor-element elementor-element-15bc3fc7 elementor-widget elementor-widget-text-editor\" data-id=\"15bc3fc7\" data-element_type=\"widget\" data-widget_type=\"text-editor.default\">\n\t\t\t\t<div class=\"elementor-widget-container\">\n\t\t\t\t\t\t\t<p>F\u00fcr Ger\u00e4te der Marken <strong>POLYTOUCH\u00ae<\/strong> und <strong>AKHET\u00ae,<\/strong> die von Pyramid Computer GmbH in Verkehr gebracht werden, bieten wir unseren Kunden ein R\u00fccknahmekonzept an:<\/p><ul><li>Eine anstehende Entsorgung von Ger\u00e4ten k\u00f6nnen Sie an die Mailadresse <a href=\"mailto:ElektroG@pyramid.de\">ElektroG@pyramid.de<\/a> oder \u00fcber das Formular bekannt geben.<\/li><li>Sie veranlassen den Versand an unser Service-Center:<br \/><strong>Pyramid Computer GmbH, Service-Center, B\u00f6tzinger Stra\u00dfe 60, D-79111 Freiburg.<\/strong><\/li><li>Pyramid \u00fcbergibt die Altger\u00e4te dem zertifizierten Entsorger REMONDIS (Remondis GmbH &amp; Co. KG Region S\u00fcd).<\/li><\/ul>\t\t\t\t\t\t<\/div>\n\t\t\t\t<\/div>\n\t\t\t\t\t<\/div>\n\t\t<\/div>\n\t\t\t\t\t<\/div>\n\t\t<\/section>\n\t\t\t\t\t<\/div>\n\t\t<\/div>\n\t\t\t\t\t<\/div>\n\t\t<\/section>\n\t\t\t\t<section class=\"elementor-section elementor-top-section elementor-element elementor-element-143d54d6 elementor-section-boxed elementor-section-height-default elementor-section-height-default\" data-id=\"143d54d6\" data-element_type=\"section\" data-settings=\"{&quot;background_background&quot;:&quot;classic&quot;}\">\n\t\t\t\t\t\t\t<div class=\"elementor-background-overlay\"><\/div>\n\t\t\t\t\t\t\t<div class=\"elementor-container elementor-column-gap-no\">\n\t\t\t\t\t<div class=\"elementor-column elementor-col-100 elementor-top-column elementor-element elementor-element-2217451d\" data-id=\"2217451d\" data-element_type=\"column\">\n\t\t\t<div class=\"elementor-widget-wrap elementor-element-populated\">\n\t\t\t\t\t\t<div class=\"elementor-element elementor-element-6635af3 elementor-button-align-stretch elementor-widget elementor-widget-form\" data-id=\"6635af3\" data-element_type=\"widget\" data-settings=\"{&quot;button_width&quot;:&quot;20&quot;,&quot;step_next_label&quot;:&quot;Next&quot;,&quot;step_previous_label&quot;:&quot;Previous&quot;,&quot;step_type&quot;:&quot;number_text&quot;,&quot;step_icon_shape&quot;:&quot;circle&quot;}\" data-widget_type=\"form.default\">\n\t\t\t\t<div class=\"elementor-widget-container\">\n\t\t\t<textarea class=\"cfef_logic_data_js cfef-hidden\"><\/textarea>\t\t<form class=\"elementor-form\" method=\"post\" name=\"New Form\">\n\t\t\t<input type=\"hidden\" name=\"post_id\" value=\"53730\"\/>\n\t\t\t<input type=\"hidden\" name=\"form_id\" value=\"6635af3\"\/>\n\t\t\t<input type=\"hidden\" name=\"referer_title\" value=\"Pyramid Computer\" \/>\n\n\t\t\t\n\t\t\t<div class=\"elementor-form-fields-wrapper elementor-labels-above\">\n\t\t\t\t\t\t\t\t<div class=\"elementor-field-type-text elementor-field-group elementor-column elementor-field-group-name elementor-col-50 elementor-field-required elementor-mark-required\">\n\t\t\t\t\t\t\t\t\t\t\t\t<label for=\"form-field-name\" class=\"elementor-field-label\">\n\t\t\t\t\t\t\t\tName\t\t\t\t\t\t\t<\/label>\n\t\t\t\t\t\t\t\t\t\t\t\t\t\t<input size=\"1\" type=\"text\" name=\"form_fields[name]\" id=\"form-field-name\" class=\"elementor-field elementor-size-sm  elementor-field-textual\" placeholder=\"Name\" required=\"required\" aria-required=\"true\">\n\t\t\t\t\t\t\t\t\t\t\t<\/div>\n\t\t\t\t\t\t\t\t<div class=\"elementor-field-type-text elementor-field-group elementor-column elementor-field-group-field_64f55a0 elementor-col-50\">\n\t\t\t\t\t\t\t\t\t\t\t\t<label for=\"form-field-field_64f55a0\" class=\"elementor-field-label\">\n\t\t\t\t\t\t\t\tUnternehmen\t\t\t\t\t\t\t<\/label>\n\t\t\t\t\t\t\t\t\t\t\t\t\t\t<input size=\"1\" type=\"text\" name=\"form_fields[field_64f55a0]\" id=\"form-field-field_64f55a0\" class=\"elementor-field elementor-size-sm  elementor-field-textual\" placeholder=\"Unternehmen\">\n\t\t\t\t\t\t\t\t\t\t\t<\/div>\n\t\t\t\t\t\t\t\t<div class=\"elementor-field-type-email elementor-field-group elementor-column elementor-field-group-email elementor-col-100 elementor-field-required elementor-mark-required\">\n\t\t\t\t\t\t\t\t\t\t\t\t<label for=\"form-field-email\" class=\"elementor-field-label\">\n\t\t\t\t\t\t\t\tEmail\t\t\t\t\t\t\t<\/label>\n\t\t\t\t\t\t\t\t\t\t\t\t\t\t<input size=\"1\" type=\"email\" name=\"form_fields[email]\" id=\"form-field-email\" class=\"elementor-field elementor-size-sm  elementor-field-textual\" placeholder=\"Email\" required=\"required\" aria-required=\"true\">\n\t\t\t\t\t\t\t\t\t\t\t<\/div>\n\t\t\t\t\t\t\t\t<div class=\"elementor-field-type-textarea elementor-field-group elementor-column elementor-field-group-message elementor-col-100 elementor-field-required elementor-mark-required\">\n\t\t\t\t\t\t\t\t\t\t\t\t<label for=\"form-field-message\" class=\"elementor-field-label\">\n\t\t\t\t\t\t\t\tNachricht\t\t\t\t\t\t\t<\/label>\n\t\t\t\t\t\t<textarea class=\"elementor-field-textual elementor-field  elementor-size-sm\" name=\"form_fields[message]\" id=\"form-field-message\" rows=\"4\" placeholder=\"Nachricht\" required=\"required\" aria-required=\"true\"><\/textarea>\t\t\t\t<\/div>\n\t\t\t\t\t\t\t\t<div class=\"elementor-field-group elementor-column elementor-field-type-submit elementor-col-20 e-form__buttons\">\n\t\t\t\t\t<button class=\"elementor-button elementor-size-sm\" type=\"submit\">\n\t\t\t\t\t\t<span class=\"elementor-button-content-wrapper\">\n\t\t\t\t\t\t\t\t\t\t\t\t\t\t\t\t\t\t\t\t\t\t<span class=\"elementor-button-text\">Send<\/span>\n\t\t\t\t\t\t\t\t\t\t\t\t\t<\/span>\n\t\t\t\t\t<\/button>\n\t\t\t\t<\/div>\n\t\t\t<\/div>\n\t\t<\/form>\n\t\t\t\t<\/div>\n\t\t\t\t<\/div>\n\t\t\t\t\t<\/div>\n\t\t<\/div>\n\t\t\t\t\t<\/div>\n\t\t<\/section>\n\t\t\t\t<\/div>\n\t\t","protected":false},"excerpt":{"rendered":"<p>WEEE \/ EAR Registrierung R\u00fccknahmekonzept f\u00fcr Elektro-Altger\u00e4te aus dem B2B-Gesch\u00e4ft F\u00fcr Ger\u00e4te der Marken POLYTOUCH\u00ae und AKHET\u00ae, die von Pyramid Computer GmbH in Verkehr gebracht werden, bieten wir unseren Kunden [&hellip;]<\/p>\n","protected":false},"author":19,"featured_media":0,"parent":27047,"menu_order":0,"comment_status":"closed","ping_status":"closed","template":"elementor_header_footer","meta":{"_EventAllDay":false,"_EventTimezone":"","_EventStartDate":"","_EventEndDate":"","_EventStartDateUTC":"","_EventEndDateUTC":"","_EventShowMap":false,"_EventShowMapLink":false,"_EventURL":"","_EventCost":"","_EventCostDescription":"","_EventCurrencySymbol":"","_EventCurrencyCode":"","_EventCurrencyPosition":"","_EventDateTimeSeparator":"","_EventTimeRangeSeparator":"","_EventOrganizerID":[],"_EventVenueID":[],"_OrganizerEmail":"","_OrganizerPhone":"","_OrganizerWebsite":"","_VenueAddress":"","_VenueCity":"","_VenueCountry":"","_VenueProvince":"","_VenueState":"","_VenueZip":"","_VenuePhone":"","_VenueURL":"","_VenueStateProvince":"","_VenueLat":"","_VenueLng":"","_VenueShowMap":false,"_VenueShowMapLink":false,"footnotes":""},"class_list":["post-53730","page","type-page","status-publish","hentry"],"acf":[],"yoast_head":"<!-- This site is optimized with the Yoast SEO Premium plugin v22.4 (Yoast SEO v22.4) - https:\/\/yoast.com\/wordpress\/plugins\/seo\/ -->\n<title>WEEE \/ EAR Registrierung &#187; Pyramid Computer<\/title>\n<meta name=\"description\" content=\"F\u00fcr Ger\u00e4te, die von Pyramid Computer GmbH in Verkehr gebracht werden, bieten wir unseren Kunden ein R\u00fccknahmekonzept an.\" \/>\n<meta name=\"robots\" content=\"noindex, follow, max-snippet:-1, max-image-preview:large, max-video-preview:-1\" \/>\n<meta property=\"og:locale\" content=\"de_DE\" \/>\n<meta property=\"og:type\" content=\"article\" \/>\n<meta property=\"og:title\" content=\"WEEE \/ EAR Registrierung\" \/>\n<meta property=\"og:description\" content=\"F\u00fcr Ger\u00e4te, die von Pyramid Computer GmbH in Verkehr gebracht werden, bieten wir unseren Kunden ein R\u00fccknahmekonzept an.\" \/>\n<meta property=\"og:url\" content=\"https:\/\/polytouch.pyramid-computer.com\/de-de\/service-support\/weee-ear-registrierung\/\" \/>\n<meta property=\"og:site_name\" content=\"Pyramid Computer\" \/>\n<meta property=\"article:publisher\" content=\"https:\/\/facebook.com\/Pyramid\" \/>\n<meta property=\"article:modified_time\" content=\"2023-01-19T08:45:35+00:00\" \/>\n<meta name=\"twitter:card\" content=\"summary_large_image\" \/>\n<meta name=\"twitter:site\" content=\"@polytouch_de\" \/>\n<script type=\"application\/ld+json\" class=\"yoast-schema-graph\">{\"@context\":\"https:\/\/schema.org\",\"@graph\":[{\"@type\":\"WebPage\",\"@id\":\"https:\/\/polytouch.pyramid-computer.com\/de-de\/service-support\/weee-ear-registrierung\/\",\"url\":\"https:\/\/polytouch.pyramid-computer.com\/de-de\/service-support\/weee-ear-registrierung\/\",\"name\":\"WEEE \/ EAR Registrierung &#187; Pyramid Computer\",\"isPartOf\":{\"@id\":\"https:\/\/polytouch.pyramid-computer.com\/de-de\/#website\"},\"datePublished\":\"2022-10-13T16:17:43+00:00\",\"dateModified\":\"2023-01-19T08:45:35+00:00\",\"description\":\"F\u00fcr Ger\u00e4te, die von Pyramid Computer GmbH in Verkehr gebracht werden, bieten wir unseren Kunden ein R\u00fccknahmekonzept an.\",\"breadcrumb\":{\"@id\":\"https:\/\/polytouch.pyramid-computer.com\/de-de\/service-support\/weee-ear-registrierung\/#breadcrumb\"},\"inLanguage\":\"de\",\"potentialAction\":[{\"@type\":\"ReadAction\",\"target\":[\"https:\/\/polytouch.pyramid-computer.com\/de-de\/service-support\/weee-ear-registrierung\/\"]}]},{\"@type\":\"BreadcrumbList\",\"@id\":\"https:\/\/polytouch.pyramid-computer.com\/de-de\/service-support\/weee-ear-registrierung\/#breadcrumb\",\"itemListElement\":[{\"@type\":\"ListItem\",\"position\":1,\"name\":\"Service &#038; Support\",\"item\":\"https:\/\/polytouch.pyramid-computer.com\/de-de\/service-support\/\"},{\"@type\":\"ListItem\",\"position\":2,\"name\":\"WEEE \/ EAR Registrierung\"}]},{\"@type\":\"WebSite\",\"@id\":\"https:\/\/polytouch.pyramid-computer.com\/de-de\/#website\",\"url\":\"https:\/\/polytouch.pyramid-computer.com\/de-de\/\",\"name\":\"Pyramid Computer\",\"description\":\"The future of technology has arrived\",\"publisher\":{\"@id\":\"https:\/\/polytouch.pyramid-computer.com\/de-de\/#organization\"},\"potentialAction\":[{\"@type\":\"SearchAction\",\"target\":{\"@type\":\"EntryPoint\",\"urlTemplate\":\"https:\/\/polytouch.pyramid-computer.com\/de-de\/?s={search_term_string}\"},\"query-input\":\"required name=search_term_string\"}],\"inLanguage\":\"de\"},{\"@type\":\"Organization\",\"@id\":\"https:\/\/polytouch.pyramid-computer.com\/de-de\/#organization\",\"name\":\"Pyramid Computer GmbH\",\"url\":\"https:\/\/polytouch.pyramid-computer.com\/de-de\/\",\"logo\":{\"@type\":\"ImageObject\",\"inLanguage\":\"de\",\"@id\":\"https:\/\/polytouch.pyramid-computer.com\/de-de\/#\/schema\/logo\/image\/\",\"url\":\"https:\/\/polytouch.pyramid-computer.com\/wp-content\/uploads\/2021\/07\/pyramid_website_icon_alt.jpg\",\"contentUrl\":\"https:\/\/polytouch.pyramid-computer.com\/wp-content\/uploads\/2021\/07\/pyramid_website_icon_alt.jpg\",\"width\":512,\"height\":512,\"caption\":\"Pyramid Computer GmbH\"},\"image\":{\"@id\":\"https:\/\/polytouch.pyramid-computer.com\/de-de\/#\/schema\/logo\/image\/\"},\"sameAs\":[\"https:\/\/facebook.com\/Pyramid\",\"https:\/\/twitter.com\/polytouch_de\",\"https:\/\/www.linkedin.com\/company\/pyramid-computer-gmbh\/\",\"https:\/\/www.youtube.com\/user\/PyramidComputerGmbH\",\"https:\/\/de.wikipedia.org\/wiki\/Pyramid_Computer\",\"https:\/\/www.instagram.com\/pyramid.computer\/\"]}]}<\/script>\n<!-- \/ Yoast SEO Premium plugin. -->","yoast_head_json":{"title":"WEEE \/ EAR Registrierung &#187; Pyramid Computer","description":"F\u00fcr Ger\u00e4te, die von Pyramid Computer GmbH in Verkehr gebracht werden, bieten wir unseren Kunden ein R\u00fccknahmekonzept an.","robots":{"index":"noindex","follow":"follow","max-snippet":"max-snippet:-1","max-image-preview":"max-image-preview:large","max-video-preview":"max-video-preview:-1"},"og_locale":"de_DE","og_type":"article","og_title":"WEEE \/ EAR Registrierung","og_description":"F\u00fcr Ger\u00e4te, die von Pyramid Computer GmbH in Verkehr gebracht werden, bieten wir unseren Kunden ein R\u00fccknahmekonzept an.","og_url":"https:\/\/polytouch.pyramid-computer.com\/de-de\/service-support\/weee-ear-registrierung\/","og_site_name":"Pyramid Computer","article_publisher":"https:\/\/facebook.com\/Pyramid","article_modified_time":"2023-01-19T08:45:35+00:00","twitter_card":"summary_large_image","twitter_site":"@polytouch_de","schema":{"@context":"https:\/\/schema.org","@graph":[{"@type":"WebPage","@id":"https:\/\/polytouch.pyramid-computer.com\/de-de\/service-support\/weee-ear-registrierung\/","url":"https:\/\/polytouch.pyramid-computer.com\/de-de\/service-support\/weee-ear-registrierung\/","name":"WEEE \/ EAR Registrierung &#187; Pyramid Computer","isPartOf":{"@id":"https:\/\/polytouch.pyramid-computer.com\/de-de\/#website"},"datePublished":"2022-10-13T16:17:43+00:00","dateModified":"2023-01-19T08:45:35+00:00","description":"F\u00fcr Ger\u00e4te, die von Pyramid Computer GmbH in Verkehr gebracht werden, bieten wir unseren Kunden ein R\u00fccknahmekonzept an.","breadcrumb":{"@id":"https:\/\/polytouch.pyramid-computer.com\/de-de\/service-support\/weee-ear-registrierung\/#breadcrumb"},"inLanguage":"de","potentialAction":[{"@type":"ReadAction","target":["https:\/\/polytouch.pyramid-computer.com\/de-de\/service-support\/weee-ear-registrierung\/"]}]},{"@type":"BreadcrumbList","@id":"https:\/\/polytouch.pyramid-computer.com\/de-de\/service-support\/weee-ear-registrierung\/#breadcrumb","itemListElement":[{"@type":"ListItem","position":1,"name":"Service &#038; Support","item":"https:\/\/polytouch.pyramid-computer.com\/de-de\/service-support\/"},{"@type":"ListItem","position":2,"name":"WEEE \/ EAR Registrierung"}]},{"@type":"WebSite","@id":"https:\/\/polytouch.pyramid-computer.com\/de-de\/#website","url":"https:\/\/polytouch.pyramid-computer.com\/de-de\/","name":"Pyramid Computer","description":"The future of technology has arrived","publisher":{"@id":"https:\/\/polytouch.pyramid-computer.com\/de-de\/#organization"},"potentialAction":[{"@type":"SearchAction","target":{"@type":"EntryPoint","urlTemplate":"https:\/\/polytouch.pyramid-computer.com\/de-de\/?s={search_term_string}"},"query-input":"required name=search_term_string"}],"inLanguage":"de"},{"@type":"Organization","@id":"https:\/\/polytouch.pyramid-computer.com\/de-de\/#organization","name":"Pyramid Computer GmbH","url":"https:\/\/polytouch.pyramid-computer.com\/de-de\/","logo":{"@type":"ImageObject","inLanguage":"de","@id":"https:\/\/polytouch.pyramid-computer.com\/de-de\/#\/schema\/logo\/image\/","url":"https:\/\/polytouch.pyramid-computer.com\/wp-content\/uploads\/2021\/07\/pyramid_website_icon_alt.jpg","contentUrl":"https:\/\/polytouch.pyramid-computer.com\/wp-content\/uploads\/2021\/07\/pyramid_website_icon_alt.jpg","width":512,"height":512,"caption":"Pyramid Computer GmbH"},"image":{"@id":"https:\/\/polytouch.pyramid-computer.com\/de-de\/#\/schema\/logo\/image\/"},"sameAs":["https:\/\/facebook.com\/Pyramid","https:\/\/twitter.com\/polytouch_de","https:\/\/www.linkedin.com\/company\/pyramid-computer-gmbh\/","https:\/\/www.youtube.com\/user\/PyramidComputerGmbH","https:\/\/de.wikipedia.org\/wiki\/Pyramid_Computer","https:\/\/www.instagram.com\/pyramid.computer\/"]}]}},"_links":{"self":[{"href":"https:\/\/polytouch.pyramid-computer.com\/de-de\/wp-json\/wp\/v2\/pages\/53730"}],"collection":[{"href":"https:\/\/polytouch.pyramid-computer.com\/de-de\/wp-json\/wp\/v2\/pages"}],"about":[{"href":"https:\/\/polytouch.pyramid-computer.com\/de-de\/wp-json\/wp\/v2\/types\/page"}],"author":[{"embeddable":true,"href":"https:\/\/polytouch.pyramid-computer.com\/de-de\/wp-json\/wp\/v2\/users\/19"}],"replies":[{"embeddable":true,"href":"https:\/\/polytouch.pyramid-computer.com\/de-de\/wp-json\/wp\/v2\/comments?post=53730"}],"version-history":[{"count":0,"href":"https:\/\/polytouch.pyramid-computer.com\/de-de\/wp-json\/wp\/v2\/pages\/53730\/revisions"}],"up":[{"embeddable":true,"href":"https:\/\/polytouch.pyramid-computer.com\/de-de\/wp-json\/wp\/v2\/pages\/27047"}],"wp:attachment":[{"href":"https:\/\/polytouch.pyramid-computer.com\/de-de\/wp-json\/wp\/v2\/media?parent=53730"}],"curies":[{"name":"wp","href":"https:\/\/api.w.org\/{rel}","templated":true}]}}