{"id":6851,"date":"2020-06-12T13:37:23","date_gmt":"2020-06-12T11:37:23","guid":{"rendered":"https:\/\/pyramid-computer.com\/?page_id=6851"},"modified":"2021-03-11T14:04:03","modified_gmt":"2021-03-11T13:04:03","slug":"self-ordering-loesungen-mit-sprachsteuerung","status":"publish","type":"page","link":"https:\/\/polytouch.pyramid-computer.com\/de-de\/self-ordering-loesungen-mit-sprachsteuerung\/","title":{"rendered":"Self-Ordering-L\u00f6sungen mit Sprachsteuerung"},"content":{"rendered":"\n\n\n<div style=\"height:30px\" aria-hidden=\"true\" class=\"wp-block-spacer\"><\/div>\n\n\n\n<h2 class=\"wp-block-heading\"> polytouch\u00ae 32 passport \u2013 voice recognition kiosk <\/h2>\n\n\n\n\n\n<p>Im \u00f6ffentlichen Raum sind Mund-Nasen-Bedeckungen, Abstandsregelungen und strenge Hygienema\u00dfnahmen zum neuen Standard geworden. Aber durch die Nachweisbarkeit des Virus ab mehreren Stunden in der Luft und auf Oberfl\u00e4chen bis zu mehreren Tagen, kann von einer Konzentration des Virus gerade in R\u00e4umen und Geb\u00e4uden ausgegangen werden.<\/p>\n\n\n\n<p>Deshalb ist es sinnvoll, zum Beispiel Fast-Casual- oder Schnellrestaurants auch bei Self-Order- oder Self-Service-Prozessen Zukunftstechnologien einzusetzen und den direkten Kontakt zu Oberfl\u00e4chen st\u00e4rker zu vermeiden. Damit lassen sich ebenso Hygienevorschriften effizienter umzusetzen.<\/p>\n\n\n\n<p>Zusammen mit HiAuto, einem Spezialisten f\u00fcr Voice-Recognition, und MENU, einem Spezialisten f\u00fcr Omni-Channel Ordering, hat der Hersteller Pyramid<br>Computer seine Kioske polytouch\u00ae 32 passport inklusive Intel\u00ae-basierendem PC mit Sprachsteuerung erweitert.<\/p>\n\n\n\n<p>Effektiver Schutz beim Bestellvorgang am Self-Order-Kiosken ist nun ganz einfach: Der Gast kann \u00fcber Sprachbefehle seine Order am System absetzen. Alle angebotenen Speisen und Getr\u00e4nke k\u00f6nnen anhand von angezeigten Buchstaben per Sprache gew\u00e4hlt werden. Der Abschluss einer Bestellung erfolgt nat\u00fcrlich auch \u00fcber ein kontaktloses Bezahlterminal.<\/p>\n\n\n\n\n\n<h2 class=\"wp-block-heading\">\u00dcber Menu Technologies AG<\/h2>\n\n\n\n<p>MENU Technologies AG steht f\u00fcr Bestell- und Engagementl\u00f6sungen f\u00fcr Restaurant \u00fcber alle Kan\u00e4le von Mobile \u00fcber Kiosk bis Web.<\/p>\n\n\n\n<h2 class=\"wp-block-heading\">\u00dcber Hi Auto<\/h2>\n\n\n\n<p>Hi Auto hat ein System zur Sprachanhebung und Sprechertrennung entwickelt, das mit Software zusammenarbeitet. Das System kann die schwierigsten Ger\u00e4usche eliminieren und konzentriert sich auf den Sprecher.<\/p>\n\n\n\n<h2 class=\"wp-block-heading\">\u00dcber Sodaclick<\/h2>\n\n\n\n<p>Sodaclick bietet eine mehrsprachige, sprachgesteuerte Digital Signage-L\u00f6sung f\u00fcr den Einzelhandel und das Gastgewerbe sowie einen vollst\u00e4ndig konversationsf\u00e4higen virtuellen KI-Assistenten f\u00fcr Schnellrestaurants.<br><a href=\"https:\/\/sodaclick.com\" target=\"_blank\" rel=\"noreferrer noopener\">sodaclick.com<\/a><\/p>\n\n\n\n\n\n\n\n<div class=\"wp-block-kadence-rowlayout alignfull\"><div id=\"kt-layout-id_f52c9d-ab\" class=\"kt-row-layout-inner kt-row-has-bg kt-layout-id_f52c9d-ab\"><div class=\"kt-row-column-wrap kt-has-1-columns kt-gutter-default kt-v-gutter-default kt-row-valign-top kt-row-layout-equal kt-tab-layout-inherit kt-m-colapse-left-to-right kt-mobile-layout-row\">\n<div class=\"wp-block-kadence-column inner-column-1 kadence-column_97beb6-4d\"><div class=\"kt-inside-inner-col\">\n<h2 class=\"kt-adv-heading_1b5063-b3 wp-block-kadence-advancedheading\" data-kb-block=\"kb-adv-heading_1b5063-b3\">SCHREIBEN SIE UNS<\/h2>\n\n\n\n<div data-form-block-id=\"7cd521f8-fd5a-eb11-a812-000d3ad8eb1c\"><\/div> <script src=\"https:\/\/mktdplp102cdn.azureedge.net\/public\/latest\/js\/form-loader.js?v=1.69.1065.0\"><\/script> <div id=\"dFR6j_mV72l9Tsi28_nlwci4yRC9TcZsW9UNsSTg5f2c\"><\/div><script src=\"https:\/\/mktdplp102cdn.azureedge.net\/public\/latest\/js\/ws-tracking.js?v=1.69.1065.0\"><\/script><div class=\"d365-mkt-config\" style=\"display:none\" data-website-id=\"FR6j_mV72l9Tsi28_nlwci4yRC9TcZsW9UNsSTg5f2c\" data-hostname=\"970aded0e6a94210a5d2ac496bc4886f.svc.dynamics.com\"><\/div>\n\n<script>\n\n\t\tMsCrmMkt.MsCrmFormLoader.on('afterFormLoad', function(event) {\n          var self = window.location.toString();  \t\n          document.getElementById('cf296f43-4378-eb11-a812-000d3adc92a8').value = self;\n\t\t});\n\n\t\tMsCrmMkt.MsCrmFormLoader.on('formSubmit', function(event) {\n\t\t\tvar hiddenField = document.getElementById('401a3856-4378-eb11-a812-000d3adc92a8').value;\n\t\t\tif (hiddenField != '' ) {\n\t\t\t\tevent.preventDefault();\n\t\t\t}\n\t\t});\n\t<\/script>\n<\/div><\/div>\n<\/div><\/div><\/div>\n","protected":false},"excerpt":{"rendered":"<p>polytouch\u00ae 32 passport \u2013 voice recognition kiosk Im \u00f6ffentlichen Raum sind Mund-Nasen-Bedeckungen, Abstandsregelungen und strenge Hygienema\u00dfnahmen zum neuen Standard geworden. Aber durch die Nachweisbarkeit des Virus ab mehreren Stunden in [&hellip;]<\/p>\n","protected":false},"author":9,"featured_media":0,"parent":0,"menu_order":0,"comment_status":"closed","ping_status":"closed","template":"","meta":{"_EventAllDay":false,"_EventTimezone":"","_EventStartDate":"","_EventEndDate":"","_EventStartDateUTC":"","_EventEndDateUTC":"","_EventShowMap":false,"_EventShowMapLink":false,"_EventURL":"","_EventCost":"","_EventCostDescription":"","_EventCurrencySymbol":"","_EventCurrencyCode":"","_EventCurrencyPosition":"","_EventDateTimeSeparator":"","_EventTimeRangeSeparator":"","_EventOrganizerID":[],"_EventVenueID":[],"_OrganizerEmail":"","_OrganizerPhone":"","_OrganizerWebsite":"","_VenueAddress":"","_VenueCity":"","_VenueCountry":"","_VenueProvince":"","_VenueState":"","_VenueZip":"","_VenuePhone":"","_VenueURL":"","_VenueStateProvince":"","_VenueLat":"","_VenueLng":"","_VenueShowMap":false,"_VenueShowMapLink":false,"footnotes":""},"class_list":["post-6851","page","type-page","status-publish","hentry"],"acf":[],"yoast_head":"<!-- This site is optimized with the Yoast SEO Premium plugin v22.4 (Yoast SEO v22.4) - https:\/\/yoast.com\/wordpress\/plugins\/seo\/ -->\n<title>Self-Ordering-L\u00f6sungen mit Sprachsteuerung Pyramid Computer<\/title>\n<meta name=\"description\" content=\"Durch die Kombination von Temperatur-Sensoren und Essentry, bietet die L\u00f6sung ein hohes Ma\u00df an Sicherheit und Genauigkeit f\u00fcr den \u00f6ffentlichen Zugang\" \/>\n<meta name=\"robots\" content=\"noindex, follow, max-snippet:-1, max-image-preview:large, max-video-preview:-1\" \/>\n<meta property=\"og:locale\" content=\"de_DE\" \/>\n<meta property=\"og:type\" content=\"article\" \/>\n<meta property=\"og:title\" content=\"Self-Ordering-L\u00f6sungen mit Sprachsteuerung\" \/>\n<meta property=\"og:description\" content=\"Durch die Kombination von Temperatur-Sensoren und Essentry, bietet die L\u00f6sung ein hohes Ma\u00df an Sicherheit und Genauigkeit f\u00fcr den \u00f6ffentlichen Zugang\" \/>\n<meta property=\"og:url\" content=\"https:\/\/polytouch.pyramid-computer.com\/de-de\/self-ordering-loesungen-mit-sprachsteuerung\/\" \/>\n<meta property=\"og:site_name\" content=\"Pyramid Computer\" \/>\n<meta property=\"article:publisher\" content=\"https:\/\/facebook.com\/Pyramid\" \/>\n<meta property=\"article:modified_time\" content=\"2021-03-11T13:04:03+00:00\" \/>\n<meta name=\"twitter:card\" content=\"summary_large_image\" \/>\n<meta name=\"twitter:site\" content=\"@polytouch_de\" \/>\n<script type=\"application\/ld+json\" class=\"yoast-schema-graph\">{\"@context\":\"https:\/\/schema.org\",\"@graph\":[{\"@type\":\"WebPage\",\"@id\":\"https:\/\/polytouch.pyramid-computer.com\/de-de\/self-ordering-loesungen-mit-sprachsteuerung\/\",\"url\":\"https:\/\/polytouch.pyramid-computer.com\/de-de\/self-ordering-loesungen-mit-sprachsteuerung\/\",\"name\":\"Self-Ordering-L\u00f6sungen mit Sprachsteuerung Pyramid Computer\",\"isPartOf\":{\"@id\":\"https:\/\/polytouch.pyramid-computer.com\/de-de\/#website\"},\"datePublished\":\"2020-06-12T11:37:23+00:00\",\"dateModified\":\"2021-03-11T13:04:03+00:00\",\"description\":\"Durch die Kombination von Temperatur-Sensoren und Essentry, bietet die L\u00f6sung ein hohes Ma\u00df an Sicherheit und Genauigkeit f\u00fcr den \u00f6ffentlichen Zugang\",\"inLanguage\":\"de\",\"potentialAction\":[{\"@type\":\"ReadAction\",\"target\":[\"https:\/\/polytouch.pyramid-computer.com\/de-de\/self-ordering-loesungen-mit-sprachsteuerung\/\"]}]},{\"@type\":\"WebSite\",\"@id\":\"https:\/\/polytouch.pyramid-computer.com\/de-de\/#website\",\"url\":\"https:\/\/polytouch.pyramid-computer.com\/de-de\/\",\"name\":\"Pyramid Computer\",\"description\":\"The future of technology has arrived\",\"publisher\":{\"@id\":\"https:\/\/polytouch.pyramid-computer.com\/de-de\/#organization\"},\"potentialAction\":[{\"@type\":\"SearchAction\",\"target\":{\"@type\":\"EntryPoint\",\"urlTemplate\":\"https:\/\/polytouch.pyramid-computer.com\/de-de\/?s={search_term_string}\"},\"query-input\":\"required name=search_term_string\"}],\"inLanguage\":\"de\"},{\"@type\":\"Organization\",\"@id\":\"https:\/\/polytouch.pyramid-computer.com\/de-de\/#organization\",\"name\":\"Pyramid Computer GmbH\",\"url\":\"https:\/\/polytouch.pyramid-computer.com\/de-de\/\",\"logo\":{\"@type\":\"ImageObject\",\"inLanguage\":\"de\",\"@id\":\"https:\/\/polytouch.pyramid-computer.com\/de-de\/#\/schema\/logo\/image\/\",\"url\":\"https:\/\/polytouch.pyramid-computer.com\/wp-content\/uploads\/2021\/07\/pyramid_website_icon_alt.jpg\",\"contentUrl\":\"https:\/\/polytouch.pyramid-computer.com\/wp-content\/uploads\/2021\/07\/pyramid_website_icon_alt.jpg\",\"width\":512,\"height\":512,\"caption\":\"Pyramid Computer GmbH\"},\"image\":{\"@id\":\"https:\/\/polytouch.pyramid-computer.com\/de-de\/#\/schema\/logo\/image\/\"},\"sameAs\":[\"https:\/\/facebook.com\/Pyramid\",\"https:\/\/twitter.com\/polytouch_de\",\"https:\/\/www.linkedin.com\/company\/pyramid-computer-gmbh\/\",\"https:\/\/www.youtube.com\/user\/PyramidComputerGmbH\",\"https:\/\/de.wikipedia.org\/wiki\/Pyramid_Computer\",\"https:\/\/www.instagram.com\/pyramid.computer\/\"]}]}<\/script>\n<!-- \/ Yoast SEO Premium plugin. -->","yoast_head_json":{"title":"Self-Ordering-L\u00f6sungen mit Sprachsteuerung Pyramid Computer","description":"Durch die Kombination von Temperatur-Sensoren und Essentry, bietet die L\u00f6sung ein hohes Ma\u00df an Sicherheit und Genauigkeit f\u00fcr den \u00f6ffentlichen Zugang","robots":{"index":"noindex","follow":"follow","max-snippet":"max-snippet:-1","max-image-preview":"max-image-preview:large","max-video-preview":"max-video-preview:-1"},"og_locale":"de_DE","og_type":"article","og_title":"Self-Ordering-L\u00f6sungen mit Sprachsteuerung","og_description":"Durch die Kombination von Temperatur-Sensoren und Essentry, bietet die L\u00f6sung ein hohes Ma\u00df an Sicherheit und Genauigkeit f\u00fcr den \u00f6ffentlichen Zugang","og_url":"https:\/\/polytouch.pyramid-computer.com\/de-de\/self-ordering-loesungen-mit-sprachsteuerung\/","og_site_name":"Pyramid Computer","article_publisher":"https:\/\/facebook.com\/Pyramid","article_modified_time":"2021-03-11T13:04:03+00:00","twitter_card":"summary_large_image","twitter_site":"@polytouch_de","schema":{"@context":"https:\/\/schema.org","@graph":[{"@type":"WebPage","@id":"https:\/\/polytouch.pyramid-computer.com\/de-de\/self-ordering-loesungen-mit-sprachsteuerung\/","url":"https:\/\/polytouch.pyramid-computer.com\/de-de\/self-ordering-loesungen-mit-sprachsteuerung\/","name":"Self-Ordering-L\u00f6sungen mit Sprachsteuerung Pyramid Computer","isPartOf":{"@id":"https:\/\/polytouch.pyramid-computer.com\/de-de\/#website"},"datePublished":"2020-06-12T11:37:23+00:00","dateModified":"2021-03-11T13:04:03+00:00","description":"Durch die Kombination von Temperatur-Sensoren und Essentry, bietet die L\u00f6sung ein hohes Ma\u00df an Sicherheit und Genauigkeit f\u00fcr den \u00f6ffentlichen Zugang","inLanguage":"de","potentialAction":[{"@type":"ReadAction","target":["https:\/\/polytouch.pyramid-computer.com\/de-de\/self-ordering-loesungen-mit-sprachsteuerung\/"]}]},{"@type":"WebSite","@id":"https:\/\/polytouch.pyramid-computer.com\/de-de\/#website","url":"https:\/\/polytouch.pyramid-computer.com\/de-de\/","name":"Pyramid Computer","description":"The future of technology has arrived","publisher":{"@id":"https:\/\/polytouch.pyramid-computer.com\/de-de\/#organization"},"potentialAction":[{"@type":"SearchAction","target":{"@type":"EntryPoint","urlTemplate":"https:\/\/polytouch.pyramid-computer.com\/de-de\/?s={search_term_string}"},"query-input":"required name=search_term_string"}],"inLanguage":"de"},{"@type":"Organization","@id":"https:\/\/polytouch.pyramid-computer.com\/de-de\/#organization","name":"Pyramid Computer GmbH","url":"https:\/\/polytouch.pyramid-computer.com\/de-de\/","logo":{"@type":"ImageObject","inLanguage":"de","@id":"https:\/\/polytouch.pyramid-computer.com\/de-de\/#\/schema\/logo\/image\/","url":"https:\/\/polytouch.pyramid-computer.com\/wp-content\/uploads\/2021\/07\/pyramid_website_icon_alt.jpg","contentUrl":"https:\/\/polytouch.pyramid-computer.com\/wp-content\/uploads\/2021\/07\/pyramid_website_icon_alt.jpg","width":512,"height":512,"caption":"Pyramid Computer GmbH"},"image":{"@id":"https:\/\/polytouch.pyramid-computer.com\/de-de\/#\/schema\/logo\/image\/"},"sameAs":["https:\/\/facebook.com\/Pyramid","https:\/\/twitter.com\/polytouch_de","https:\/\/www.linkedin.com\/company\/pyramid-computer-gmbh\/","https:\/\/www.youtube.com\/user\/PyramidComputerGmbH","https:\/\/de.wikipedia.org\/wiki\/Pyramid_Computer","https:\/\/www.instagram.com\/pyramid.computer\/"]}]}},"_links":{"self":[{"href":"https:\/\/polytouch.pyramid-computer.com\/de-de\/wp-json\/wp\/v2\/pages\/6851"}],"collection":[{"href":"https:\/\/polytouch.pyramid-computer.com\/de-de\/wp-json\/wp\/v2\/pages"}],"about":[{"href":"https:\/\/polytouch.pyramid-computer.com\/de-de\/wp-json\/wp\/v2\/types\/page"}],"author":[{"embeddable":true,"href":"https:\/\/polytouch.pyramid-computer.com\/de-de\/wp-json\/wp\/v2\/users\/9"}],"replies":[{"embeddable":true,"href":"https:\/\/polytouch.pyramid-computer.com\/de-de\/wp-json\/wp\/v2\/comments?post=6851"}],"version-history":[{"count":0,"href":"https:\/\/polytouch.pyramid-computer.com\/de-de\/wp-json\/wp\/v2\/pages\/6851\/revisions"}],"wp:attachment":[{"href":"https:\/\/polytouch.pyramid-computer.com\/de-de\/wp-json\/wp\/v2\/media?parent=6851"}],"curies":[{"name":"wp","href":"https:\/\/api.w.org\/{rel}","templated":true}]}}