{"id":7211,"date":"2020-06-10T11:26:11","date_gmt":"2020-06-10T09:26:11","guid":{"rendered":"https:\/\/pyramid-computer.com\/pcap-touchscreen-operation-with-gloves\/"},"modified":"2021-04-19T13:54:57","modified_gmt":"2021-04-19T11:54:57","slug":"pcap-touchscreen-bedienung-mit-handschuhen","status":"publish","type":"page","link":"https:\/\/polytouch.pyramid-computer.com\/de-de\/pcap-touchscreen-bedienung-mit-handschuhen\/","title":{"rendered":"PCAP-Touchscreen Bedienung mit Handschuhen"},"content":{"rendered":"\n\n\n<div style=\"height:30px\" aria-hidden=\"true\" class=\"wp-block-spacer\"><\/div>\n\n\n\n<div style=\"height:30px\" aria-hidden=\"true\" class=\"wp-block-spacer\"><\/div>\n\n\n\n<h2 class=\"wp-block-heading\">Bestellung an einem Self-Order Kiosk ohne Kontamination dank der Bedienung mit Handschuhen.<\/h2>\n\n\n\n<p>W\u00e4hrend Schnellrestaurants langsam wieder \u00f6ffnen, m\u00fcssen Mitarbeiter und Kunden einen Mund-Nasen-Schutz tragen, H\u00e4nde m\u00fcssen regelm\u00e4\u00dfig und gr\u00fcndlich gewaschen werden, das Tragen von Handschuhen ist vorgeschrieben sowie Abstandsregeln m\u00fcssen eingehalten werden. Die Nutzung eines Self-Order Kioskes schafft zus\u00e4tzlich soziale Distanz. Es ist uns deshalb wichtig, Ihnen zu zeigen, wie unsere Pyramid-Kioske auch mit gew\u00f6hnlichen Handschuhen, wie sie jeder kennt und unter den gegebenen Umst\u00e4nden beim Einkaufen etc. h\u00f6chstwahrscheinlich auch tr\u00e4gt, einwandfrei bedient werden k\u00f6nnen, damit Sie auch bei der Bestellung an einem Self-Order Kiosk vor Virus\u00fcbertragungen gesch\u00fctzt sind.<\/p>\n\n\n\n<p>Unsere projektiv kapazitiven Touchscreens (oder PCAP-Touch) sind mit einer transparenten, leitf\u00e4higen Folie (z.B. ITO) beschichtet, die bei Ber\u00fchrung durch ein Objekt, normalerweise die Haut an der Fingerspitze, die Leitf\u00e4higkeitseigenschaften dieses Objekts erfassen und eine Ber\u00fchrung erkennen.<\/p>\n\n\n\n<p>Kapazitive Touchscreens k\u00f6nnen mehrere Kontaktpunkte erkennen und k\u00f6nnen auch mit bestimmten Handschuhen bedient werden. Sie sind bei Gesten wie Streichen und Dr\u00fccken reaktionsschneller als ein resistiver Touchscreen.<\/p>\n\n\n\n<p>In mehreren Testreihen wurden d\u00fcnne, nicht leitende Handschuhe (handels\u00fcbliche Gummihandschuhe und Operationshandschuhe) aus verschiedenen Materialien getestet, die alle (Latex , Nitril, Polyethylen, &#8230;) perfekt mit den projizierten kapazitiven Touchscreens reagieren. Eingaben mit Winterhandschuhen oder dicken Arbeitshandschuhen sind jedoch nicht m\u00f6glich<\/p>\n\n\n\n<div style=\"height:30px\" aria-hidden=\"true\" class=\"wp-block-spacer\"><\/div>\n\n\n\n\n\n\n\n<div style=\"height:20px\" aria-hidden=\"true\" class=\"wp-block-spacer\"><\/div>\n\n\n\n<h2 class=\"wp-block-heading\">Testergebnisse<\/h2>\n\n\n\n<p>Unsere Tests haben gezeigt, dass PCAP-Touchscreens mit allen Arten von Hygienehandschuhen und vielen anderen leicht zu bedienen sind. Unsere umfangreichen Testreihen zeigten sogar, dass es keine Unterschiede gibt zwischen den einzelnen Handschuhen in Bezug auf deren&#8230;<\/p>\n\n\n\n\n\n<div style=\"height:20px\" aria-hidden=\"true\" class=\"wp-block-spacer\"><\/div>\n\n\n\n<h2 class=\"wp-block-heading\">Vorteile der Nutzung eines Self-Order Kioskes mit Handschuhen<\/h2>\n\n\n\n<p>Die Nutzung eines Self-Order Kioskes reduziert Warteschlangen und schr\u00e4nkt zus\u00e4tzlich die Interaktion von Mensch-zu-Mensch ein.<\/p>\n\n\n\n\n\n<div style=\"height:20px\" aria-hidden=\"true\" class=\"wp-block-spacer\"><\/div>\n\n\n\n<div style=\"height:20px\" aria-hidden=\"true\" class=\"wp-block-spacer\"><\/div>\n\n\n\n\n\n\n\n<div style=\"height:30px\" aria-hidden=\"true\" class=\"wp-block-spacer\"><\/div>\n\n\n\n\n\n<div class=\"wp-block-kadence-rowlayout alignfull\"><div id=\"kt-layout-id_f52c9d-ab\" class=\"kt-row-layout-inner kt-row-has-bg kt-layout-id_f52c9d-ab\"><div class=\"kt-row-column-wrap kt-has-1-columns kt-gutter-default kt-v-gutter-default kt-row-valign-top kt-row-layout-equal kt-tab-layout-inherit kt-m-colapse-left-to-right kt-mobile-layout-row\">\n<div class=\"wp-block-kadence-column inner-column-1 kadence-column_e892f6-5b\"><div class=\"kt-inside-inner-col\">\n<h2 class=\"kt-adv-heading_9e94fa-2e wp-block-kadence-advancedheading\" data-kb-block=\"kb-adv-heading_9e94fa-2e\">SCHREIBEN SIE UNS<\/h2>\n\n\n\n<div data-form-block-id=\"7cd521f8-fd5a-eb11-a812-000d3ad8eb1c\"><\/div> <script src=\"https:\/\/mktdplp102cdn.azureedge.net\/public\/latest\/js\/form-loader.js?v=1.69.1065.0\"><\/script> <div id=\"dFR6j_mV72l9Tsi28_nlwci4yRC9TcZsW9UNsSTg5f2c\"><\/div><script src=\"https:\/\/mktdplp102cdn.azureedge.net\/public\/latest\/js\/ws-tracking.js?v=1.69.1065.0\"><\/script><div class=\"d365-mkt-config\" style=\"display:none\" data-website-id=\"FR6j_mV72l9Tsi28_nlwci4yRC9TcZsW9UNsSTg5f2c\" data-hostname=\"970aded0e6a94210a5d2ac496bc4886f.svc.dynamics.com\"><\/div>\n\n<script>\n\n\t\tMsCrmMkt.MsCrmFormLoader.on('afterFormLoad', function(event) {\n          var self = window.location.toString();  \t\n          document.getElementById('cf296f43-4378-eb11-a812-000d3adc92a8').value = self;\n\t\t});\n\n\t\tMsCrmMkt.MsCrmFormLoader.on('formSubmit', function(event) {\n\t\t\tvar hiddenField = document.getElementById('401a3856-4378-eb11-a812-000d3adc92a8').value;\n\t\t\tif (hiddenField != '' ) {\n\t\t\t\tevent.preventDefault();\n\t\t\t}\n\t\t});\n\t<\/script>\n<\/div><\/div>\n<\/div><\/div><\/div>\n","protected":false},"excerpt":{"rendered":"<p>Bestellung an einem Self-Order Kiosk ohne Kontamination dank der Bedienung mit Handschuhen. W\u00e4hrend Schnellrestaurants langsam wieder \u00f6ffnen, m\u00fcssen Mitarbeiter und Kunden einen Mund-Nasen-Schutz tragen, H\u00e4nde m\u00fcssen regelm\u00e4\u00dfig und gr\u00fcndlich gewaschen [&hellip;]<\/p>\n","protected":false},"author":8,"featured_media":0,"parent":0,"menu_order":0,"comment_status":"closed","ping_status":"closed","template":"","meta":{"_EventAllDay":false,"_EventTimezone":"","_EventStartDate":"","_EventEndDate":"","_EventStartDateUTC":"","_EventEndDateUTC":"","_EventShowMap":false,"_EventShowMapLink":false,"_EventURL":"","_EventCost":"","_EventCostDescription":"","_EventCurrencySymbol":"","_EventCurrencyCode":"","_EventCurrencyPosition":"","_EventDateTimeSeparator":"","_EventTimeRangeSeparator":"","_EventOrganizerID":[],"_EventVenueID":[],"_OrganizerEmail":"","_OrganizerPhone":"","_OrganizerWebsite":"","_VenueAddress":"","_VenueCity":"","_VenueCountry":"","_VenueProvince":"","_VenueState":"","_VenueZip":"","_VenuePhone":"","_VenueURL":"","_VenueStateProvince":"","_VenueLat":"","_VenueLng":"","_VenueShowMap":false,"_VenueShowMapLink":false,"footnotes":""},"class_list":["post-7211","page","type-page","status-publish","hentry"],"acf":[],"yoast_head":"<!-- This site is optimized with the Yoast SEO Premium plugin v22.4 (Yoast SEO v22.4) - https:\/\/yoast.com\/wordpress\/plugins\/seo\/ -->\n<title>PCAP-Touchscreen Bedienung mit Handschuhen Pyramid Computer<\/title>\n<meta name=\"description\" content=\"PCAP-Touchscreen Bedienung mit Handschuhen - Stay safe. Order safe! Mensch-zu-Mensch Interaktionen reduzieren durch Nutzung eines Self-Order Kioskes\" \/>\n<meta name=\"robots\" content=\"noindex, follow, max-snippet:-1, max-image-preview:large, max-video-preview:-1\" \/>\n<meta property=\"og:locale\" content=\"de_DE\" \/>\n<meta property=\"og:type\" content=\"article\" \/>\n<meta property=\"og:title\" content=\"PCAP-Touchscreen Bedienung mit Handschuhen\" \/>\n<meta property=\"og:description\" content=\"PCAP-Touchscreen Bedienung mit Handschuhen - Stay safe. Order safe! Mensch-zu-Mensch Interaktionen reduzieren durch Nutzung eines Self-Order Kioskes\" \/>\n<meta property=\"og:url\" content=\"https:\/\/polytouch.pyramid-computer.com\/de-de\/pcap-touchscreen-bedienung-mit-handschuhen\/\" \/>\n<meta property=\"og:site_name\" content=\"Pyramid Computer\" \/>\n<meta property=\"article:publisher\" content=\"https:\/\/facebook.com\/Pyramid\" \/>\n<meta property=\"article:modified_time\" content=\"2021-04-19T11:54:57+00:00\" \/>\n<meta name=\"twitter:card\" content=\"summary_large_image\" \/>\n<meta name=\"twitter:site\" content=\"@polytouch_de\" \/>\n<script type=\"application\/ld+json\" class=\"yoast-schema-graph\">{\"@context\":\"https:\/\/schema.org\",\"@graph\":[{\"@type\":\"WebPage\",\"@id\":\"https:\/\/polytouch.pyramid-computer.com\/de-de\/pcap-touchscreen-bedienung-mit-handschuhen\/\",\"url\":\"https:\/\/polytouch.pyramid-computer.com\/de-de\/pcap-touchscreen-bedienung-mit-handschuhen\/\",\"name\":\"PCAP-Touchscreen Bedienung mit Handschuhen Pyramid Computer\",\"isPartOf\":{\"@id\":\"https:\/\/polytouch.pyramid-computer.com\/de-de\/#website\"},\"datePublished\":\"2020-06-10T09:26:11+00:00\",\"dateModified\":\"2021-04-19T11:54:57+00:00\",\"description\":\"PCAP-Touchscreen Bedienung mit Handschuhen - Stay safe. Order safe! Mensch-zu-Mensch Interaktionen reduzieren durch Nutzung eines Self-Order Kioskes\",\"inLanguage\":\"de\",\"potentialAction\":[{\"@type\":\"ReadAction\",\"target\":[\"https:\/\/polytouch.pyramid-computer.com\/de-de\/pcap-touchscreen-bedienung-mit-handschuhen\/\"]}]},{\"@type\":\"WebSite\",\"@id\":\"https:\/\/polytouch.pyramid-computer.com\/de-de\/#website\",\"url\":\"https:\/\/polytouch.pyramid-computer.com\/de-de\/\",\"name\":\"Pyramid Computer\",\"description\":\"The future of technology has arrived\",\"publisher\":{\"@id\":\"https:\/\/polytouch.pyramid-computer.com\/de-de\/#organization\"},\"potentialAction\":[{\"@type\":\"SearchAction\",\"target\":{\"@type\":\"EntryPoint\",\"urlTemplate\":\"https:\/\/polytouch.pyramid-computer.com\/de-de\/?s={search_term_string}\"},\"query-input\":\"required name=search_term_string\"}],\"inLanguage\":\"de\"},{\"@type\":\"Organization\",\"@id\":\"https:\/\/polytouch.pyramid-computer.com\/de-de\/#organization\",\"name\":\"Pyramid Computer GmbH\",\"url\":\"https:\/\/polytouch.pyramid-computer.com\/de-de\/\",\"logo\":{\"@type\":\"ImageObject\",\"inLanguage\":\"de\",\"@id\":\"https:\/\/polytouch.pyramid-computer.com\/de-de\/#\/schema\/logo\/image\/\",\"url\":\"https:\/\/polytouch.pyramid-computer.com\/wp-content\/uploads\/2021\/07\/pyramid_website_icon_alt.jpg\",\"contentUrl\":\"https:\/\/polytouch.pyramid-computer.com\/wp-content\/uploads\/2021\/07\/pyramid_website_icon_alt.jpg\",\"width\":512,\"height\":512,\"caption\":\"Pyramid Computer GmbH\"},\"image\":{\"@id\":\"https:\/\/polytouch.pyramid-computer.com\/de-de\/#\/schema\/logo\/image\/\"},\"sameAs\":[\"https:\/\/facebook.com\/Pyramid\",\"https:\/\/twitter.com\/polytouch_de\",\"https:\/\/www.linkedin.com\/company\/pyramid-computer-gmbh\/\",\"https:\/\/www.youtube.com\/user\/PyramidComputerGmbH\",\"https:\/\/de.wikipedia.org\/wiki\/Pyramid_Computer\",\"https:\/\/www.instagram.com\/pyramid.computer\/\"]}]}<\/script>\n<!-- \/ Yoast SEO Premium plugin. -->","yoast_head_json":{"title":"PCAP-Touchscreen Bedienung mit Handschuhen Pyramid Computer","description":"PCAP-Touchscreen Bedienung mit Handschuhen - Stay safe. Order safe! Mensch-zu-Mensch Interaktionen reduzieren durch Nutzung eines Self-Order Kioskes","robots":{"index":"noindex","follow":"follow","max-snippet":"max-snippet:-1","max-image-preview":"max-image-preview:large","max-video-preview":"max-video-preview:-1"},"og_locale":"de_DE","og_type":"article","og_title":"PCAP-Touchscreen Bedienung mit Handschuhen","og_description":"PCAP-Touchscreen Bedienung mit Handschuhen - Stay safe. Order safe! Mensch-zu-Mensch Interaktionen reduzieren durch Nutzung eines Self-Order Kioskes","og_url":"https:\/\/polytouch.pyramid-computer.com\/de-de\/pcap-touchscreen-bedienung-mit-handschuhen\/","og_site_name":"Pyramid Computer","article_publisher":"https:\/\/facebook.com\/Pyramid","article_modified_time":"2021-04-19T11:54:57+00:00","twitter_card":"summary_large_image","twitter_site":"@polytouch_de","schema":{"@context":"https:\/\/schema.org","@graph":[{"@type":"WebPage","@id":"https:\/\/polytouch.pyramid-computer.com\/de-de\/pcap-touchscreen-bedienung-mit-handschuhen\/","url":"https:\/\/polytouch.pyramid-computer.com\/de-de\/pcap-touchscreen-bedienung-mit-handschuhen\/","name":"PCAP-Touchscreen Bedienung mit Handschuhen Pyramid Computer","isPartOf":{"@id":"https:\/\/polytouch.pyramid-computer.com\/de-de\/#website"},"datePublished":"2020-06-10T09:26:11+00:00","dateModified":"2021-04-19T11:54:57+00:00","description":"PCAP-Touchscreen Bedienung mit Handschuhen - Stay safe. Order safe! Mensch-zu-Mensch Interaktionen reduzieren durch Nutzung eines Self-Order Kioskes","inLanguage":"de","potentialAction":[{"@type":"ReadAction","target":["https:\/\/polytouch.pyramid-computer.com\/de-de\/pcap-touchscreen-bedienung-mit-handschuhen\/"]}]},{"@type":"WebSite","@id":"https:\/\/polytouch.pyramid-computer.com\/de-de\/#website","url":"https:\/\/polytouch.pyramid-computer.com\/de-de\/","name":"Pyramid Computer","description":"The future of technology has arrived","publisher":{"@id":"https:\/\/polytouch.pyramid-computer.com\/de-de\/#organization"},"potentialAction":[{"@type":"SearchAction","target":{"@type":"EntryPoint","urlTemplate":"https:\/\/polytouch.pyramid-computer.com\/de-de\/?s={search_term_string}"},"query-input":"required name=search_term_string"}],"inLanguage":"de"},{"@type":"Organization","@id":"https:\/\/polytouch.pyramid-computer.com\/de-de\/#organization","name":"Pyramid Computer GmbH","url":"https:\/\/polytouch.pyramid-computer.com\/de-de\/","logo":{"@type":"ImageObject","inLanguage":"de","@id":"https:\/\/polytouch.pyramid-computer.com\/de-de\/#\/schema\/logo\/image\/","url":"https:\/\/polytouch.pyramid-computer.com\/wp-content\/uploads\/2021\/07\/pyramid_website_icon_alt.jpg","contentUrl":"https:\/\/polytouch.pyramid-computer.com\/wp-content\/uploads\/2021\/07\/pyramid_website_icon_alt.jpg","width":512,"height":512,"caption":"Pyramid Computer GmbH"},"image":{"@id":"https:\/\/polytouch.pyramid-computer.com\/de-de\/#\/schema\/logo\/image\/"},"sameAs":["https:\/\/facebook.com\/Pyramid","https:\/\/twitter.com\/polytouch_de","https:\/\/www.linkedin.com\/company\/pyramid-computer-gmbh\/","https:\/\/www.youtube.com\/user\/PyramidComputerGmbH","https:\/\/de.wikipedia.org\/wiki\/Pyramid_Computer","https:\/\/www.instagram.com\/pyramid.computer\/"]}]}},"_links":{"self":[{"href":"https:\/\/polytouch.pyramid-computer.com\/de-de\/wp-json\/wp\/v2\/pages\/7211"}],"collection":[{"href":"https:\/\/polytouch.pyramid-computer.com\/de-de\/wp-json\/wp\/v2\/pages"}],"about":[{"href":"https:\/\/polytouch.pyramid-computer.com\/de-de\/wp-json\/wp\/v2\/types\/page"}],"author":[{"embeddable":true,"href":"https:\/\/polytouch.pyramid-computer.com\/de-de\/wp-json\/wp\/v2\/users\/8"}],"replies":[{"embeddable":true,"href":"https:\/\/polytouch.pyramid-computer.com\/de-de\/wp-json\/wp\/v2\/comments?post=7211"}],"version-history":[{"count":0,"href":"https:\/\/polytouch.pyramid-computer.com\/de-de\/wp-json\/wp\/v2\/pages\/7211\/revisions"}],"wp:attachment":[{"href":"https:\/\/polytouch.pyramid-computer.com\/de-de\/wp-json\/wp\/v2\/media?parent=7211"}],"curies":[{"name":"wp","href":"https:\/\/api.w.org\/{rel}","templated":true}]}}